{"id":70,"date":"2021-04-11T15:35:45","date_gmt":"2021-04-11T14:35:45","guid":{"rendered":"https:\/\/dietsch.me\/dc_staging\/?page_id=70"},"modified":"2021-08-13T16:57:55","modified_gmt":"2021-08-13T15:57:55","slug":"projektmanagement","status":"publish","type":"page","link":"https:\/\/dietsch-consulting.de\/?page_id=70","title":{"rendered":"Projektmanagement"},"content":{"rendered":"\n<p>Ihr Projekt ist bei mir in guten H\u00e4nden. Je nach Ausgangslage, klassisch oder agil, manage ich Ihr Projekt, sodass es effizient und strukturiert ein Erfolg wird. Dabei stehen f\u00fcr mich Transparenz und Nachvollziehbarkeit im Vordergrund. <\/p>\n\n\n\n<p><img loading=\"lazy\" decoding=\"async\" width=\"600\" height=\"601\" class=\"wp-image-143\" style=\"width: 150px; float:left; margin-right: 15px;\" src=\"https:\/\/dietsch-consulting.de\/wp-content\/uploads\/2021\/04\/seal-csm.png\" alt=\"\" srcset=\"https:\/\/dietsch-consulting.de\/wp-content\/uploads\/2021\/04\/seal-csm.png 600w, https:\/\/dietsch-consulting.de\/wp-content\/uploads\/2021\/04\/seal-csm-300x300.png 300w, https:\/\/dietsch-consulting.de\/wp-content\/uploads\/2021\/04\/seal-csm-150x150.png 150w\" sizes=\"auto, (max-width: 600px) 100vw, 600px\" \/>Als zertifizierter Scrum Master sind f\u00fcr mich agile Methoden eine Selbstverst\u00e4ndlichkeit im &#8222;Werkzeugkasten&#8220;, um der Dynamik des heutigen Projektgesch\u00e4fts geb\u00fchrend Rechnung zu tragen und gleichzeitig einen konstanten Fortschritt sicherzustellen.<\/p>\n\n\n\n<p>Projekte unterschiedlicher Gr\u00f6\u00dfe leite ich seit 2013. Zudem habe ich in verschiedenen Organisationen die Einf\u00fchrung der entsprechenden Prozessketten ma\u00dfgeblich mitgestaltet, sodass ich nicht nur die Bedienung der g\u00e4ngigen Tools (u.a. Jira\/Confluence, MS Project) beherrsche, sondern Sie auch bei der Adaption von Prozessen f\u00fcr Ihre Organisation und Ihre Projekte unterst\u00fctzen kann. <\/p>\n\n\n\n<p>Sie ben\u00f6tigen einen zuverl\u00e4ssigen Projektmanager, der nicht nur die Kommunikation mit allen internen und externen Stakeholdern (national und international) beherrscht, sondern auch die &#8222;Sprache der Softwareentwicklerinnen und -entwickler&#8220; spricht, dann kontaktieren Sie mich gern <a href=\"https:\/\/dietsch-consulting.de\/?page_id=262\" data-type=\"page\" data-id=\"262\"><img decoding=\"async\" class=\"wp-image-274\" style=\"height:1.2em; width=1.2em\" src=\"https:\/\/dietsch-consulting.de\/wp-content\/uploads\/2021\/04\/envelope.png\" alt=\"\"><\/a>.<\/p>\n","protected":false},"excerpt":{"rendered":"<p>Ihr Projekt ist bei mir in guten H\u00e4nden. Je nach Ausgangslage, klassisch oder agil, manage ich Ihr Projekt, sodass es effizient und strukturiert ein Erfolg wird. Dabei stehen f\u00fcr mich Transparenz und Nachvollziehbarkeit im Vordergrund. Als zertifizierter Scrum Master sind f\u00fcr mich agile Methoden eine Selbstverst\u00e4ndlichkeit im &#8222;Werkzeugkasten&#8220;, um der Dynamik des heutigen Projektgesch\u00e4fts geb\u00fchrend [&hellip;]<\/p>\n","protected":false},"author":1,"featured_media":0,"parent":0,"menu_order":0,"comment_status":"closed","ping_status":"closed","template":"","meta":{"ocean_post_layout":"","ocean_both_sidebars_style":"","ocean_both_sidebars_content_width":0,"ocean_both_sidebars_sidebars_width":0,"ocean_sidebar":"0","ocean_second_sidebar":"0","ocean_disable_margins":"enable","ocean_add_body_class":"","ocean_shortcode_before_top_bar":"","ocean_shortcode_after_top_bar":"","ocean_shortcode_before_header":"","ocean_shortcode_after_header":"","ocean_has_shortcode":"","ocean_shortcode_after_title":"","ocean_shortcode_before_footer_widgets":"","ocean_shortcode_after_footer_widgets":"","ocean_shortcode_before_footer_bottom":"","ocean_shortcode_after_footer_bottom":"","ocean_display_top_bar":"default","ocean_display_header":"default","ocean_header_style":"","ocean_center_header_left_menu":"0","ocean_custom_header_template":"0","ocean_custom_logo":235,"ocean_custom_retina_logo":192,"ocean_custom_logo_max_width":0,"ocean_custom_logo_tablet_max_width":0,"ocean_custom_logo_mobile_max_width":0,"ocean_custom_logo_max_height":0,"ocean_custom_logo_tablet_max_height":0,"ocean_custom_logo_mobile_max_height":0,"ocean_header_custom_menu":"0","ocean_menu_typo_font_family":"0","ocean_menu_typo_font_subset":"","ocean_menu_typo_font_size":0,"ocean_menu_typo_font_size_tablet":0,"ocean_menu_typo_font_size_mobile":0,"ocean_menu_typo_font_size_unit":"px","ocean_menu_typo_font_weight":"","ocean_menu_typo_font_weight_tablet":"","ocean_menu_typo_font_weight_mobile":"","ocean_menu_typo_transform":"","ocean_menu_typo_transform_tablet":"","ocean_menu_typo_transform_mobile":"","ocean_menu_typo_line_height":0,"ocean_menu_typo_line_height_tablet":0,"ocean_menu_typo_line_height_mobile":0,"ocean_menu_typo_line_height_unit":"","ocean_menu_typo_spacing":0,"ocean_menu_typo_spacing_tablet":0,"ocean_menu_typo_spacing_mobile":0,"ocean_menu_typo_spacing_unit":"","ocean_menu_link_color":"","ocean_menu_link_color_hover":"","ocean_menu_link_color_active":"","ocean_menu_link_background":"","ocean_menu_link_hover_background":"","ocean_menu_link_active_background":"","ocean_menu_social_links_bg":"","ocean_menu_social_hover_links_bg":"","ocean_menu_social_links_color":"","ocean_menu_social_hover_links_color":"","ocean_disable_title":"default","ocean_disable_heading":"default","ocean_post_title":"","ocean_post_subheading":"","ocean_post_title_style":"","ocean_post_title_background_color":"","ocean_post_title_background":0,"ocean_post_title_bg_image_position":"","ocean_post_title_bg_image_attachment":"","ocean_post_title_bg_image_repeat":"","ocean_post_title_bg_image_size":"","ocean_post_title_height":0,"ocean_post_title_bg_overlay":0.5,"ocean_post_title_bg_overlay_color":"","ocean_disable_breadcrumbs":"default","ocean_breadcrumbs_color":"","ocean_breadcrumbs_separator_color":"","ocean_breadcrumbs_links_color":"","ocean_breadcrumbs_links_hover_color":"","ocean_display_footer_widgets":"default","ocean_display_footer_bottom":"default","ocean_custom_footer_template":"0","footnotes":""},"class_list":["post-70","page","type-page","status-publish","hentry","entry"],"_links":{"self":[{"href":"https:\/\/dietsch-consulting.de\/index.php?rest_route=\/wp\/v2\/pages\/70","targetHints":{"allow":["GET"]}}],"collection":[{"href":"https:\/\/dietsch-consulting.de\/index.php?rest_route=\/wp\/v2\/pages"}],"about":[{"href":"https:\/\/dietsch-consulting.de\/index.php?rest_route=\/wp\/v2\/types\/page"}],"author":[{"embeddable":true,"href":"https:\/\/dietsch-consulting.de\/index.php?rest_route=\/wp\/v2\/users\/1"}],"replies":[{"embeddable":true,"href":"https:\/\/dietsch-consulting.de\/index.php?rest_route=%2Fwp%2Fv2%2Fcomments&post=70"}],"version-history":[{"count":14,"href":"https:\/\/dietsch-consulting.de\/index.php?rest_route=\/wp\/v2\/pages\/70\/revisions"}],"predecessor-version":[{"id":330,"href":"https:\/\/dietsch-consulting.de\/index.php?rest_route=\/wp\/v2\/pages\/70\/revisions\/330"}],"wp:attachment":[{"href":"https:\/\/dietsch-consulting.de\/index.php?rest_route=%2Fwp%2Fv2%2Fmedia&parent=70"}],"curies":[{"name":"wp","href":"https:\/\/api.w.org\/{rel}","templated":true}]}}