{"id":84,"date":"2021-04-11T20:59:16","date_gmt":"2021-04-11T19:59:16","guid":{"rendered":"https:\/\/dietsch.me\/dc_staging\/?page_id=84"},"modified":"2021-07-20T18:57:59","modified_gmt":"2021-07-20T17:57:59","slug":"softwareentwicklung","status":"publish","type":"page","link":"https:\/\/dietsch-consulting.de\/?page_id=84","title":{"rendered":"Softwareentwicklung"},"content":{"rendered":"\n<p>Von der Architektur \u00fcber die Implementierung und Tests bis zum Deployment setze ich Ihre W\u00fcnsche um bzw. unterst\u00fctze ich Sie im gesamten Prozess der Softwareentwicklung. Dabei bringe ich gerne mein, seit 1997 aufgebautes, breit angelegtes, praktisches Know-How in der Softwareentwicklung f\u00fcr Ihr Projekt mit ein.<\/p>\n\n\n\n<p class=\"has-medium-font-size\"><strong>Skills (Auszug)<\/strong><\/p>\n\n\n\n<div class=\"wp-block-group\"><div class=\"wp-block-group__inner-container is-layout-flow wp-block-group-is-layout-flow\">\n<figure class=\"wp-block-table\"><table><tbody><tr><td>Technologien<\/td><td>.NET, XML\/SOAP, Continues Integration (CI), Relationale Datenbanken, Microcontroller, Modbus, Smartcards, OSGi-Plattform &amp;-Framework, RFID, UML, Public-Key Infrastructure (PKI), RFID, SOA, NFC, SPS\/PLC, HTML und Webtechnologien, LaTeX<\/td><\/tr><tr><td>Programmier-<br>sprachen<\/td><td>Java, C#, SQL, Assembler, C\/C++, Delphi, PHP, Python<\/td><\/tr><tr><td>Standards<\/td><td>Smartcards (ISO\/IEC 7816), BSI Smart Meter Gateway (BSI TR-03109), Neuer<br>Personalausweis \u2013 nPA (TR-03105), gematik Spezi\ufb01kationen (COS, eGK, eHealth<br>Kartenterminal, Konnektor), Common Criteria 3.1, Informationssicherheit (BSI<br>IT-Grundschutz und ISO\/IEC 27001)<\/td><\/tr><tr><td>Dom\u00e4nenwissen<\/td><td>Datenaustausch mit Werkzeugmaschinen, Telematikinfrastruktur, Smartcard Technologien, Smart Metering, Compilerbau, e\ufb00ektiver Einsatz von sicheren Krypto-Bibliotheken, IT Sicherheit, Evaluationsverfahren nach Common Criteria (CC)<\/td><\/tr><tr><td>Werkzeuge<\/td><td>Jira, MS Visual Studio, Eclipse, Enterprise Architect, Perforce, Jenkins, MS O\ufb03ce,<br>MS Project, MS Visio, Subversion, git, Embarcadero RAD Studio<\/td><\/tr><tr><td>Betriebssysteme<\/td><td>Windows, Linux<\/td><\/tr><\/tbody><\/table><\/figure>\n<\/div><\/div>\n\n\n\n<p>Sie sehen Fertigkeiten, die f\u00fcr Ihr Projekt hilfreich sind? Sprechen Sie mich gerne an <a href=\"https:\/\/dietsch-consulting.de\/?page_id=262\" data-type=\"page\" data-id=\"262\"><img decoding=\"async\" class=\"wp-image-274\" style=\"height:1.2em; width=1.2em\" src=\"https:\/\/dietsch-consulting.de\/wp-content\/uploads\/2021\/04\/envelope.png\" alt=\"\"><\/a>.<\/p>\n","protected":false},"excerpt":{"rendered":"<p>Von der Architektur \u00fcber die Implementierung und Tests bis zum Deployment setze ich Ihre W\u00fcnsche um bzw. unterst\u00fctze ich Sie im gesamten Prozess der Softwareentwicklung. Dabei bringe ich gerne mein, seit 1997 aufgebautes, breit angelegtes, praktisches Know-How in der Softwareentwicklung f\u00fcr Ihr Projekt mit ein. Skills (Auszug) Technologien .NET, XML\/SOAP, Continues Integration (CI), Relationale Datenbanken, [&hellip;]<\/p>\n","protected":false},"author":1,"featured_media":0,"parent":0,"menu_order":0,"comment_status":"closed","ping_status":"closed","template":"","meta":{"ocean_post_layout":"","ocean_both_sidebars_style":"","ocean_both_sidebars_content_width":0,"ocean_both_sidebars_sidebars_width":0,"ocean_sidebar":"0","ocean_second_sidebar":"0","ocean_disable_margins":"enable","ocean_add_body_class":"","ocean_shortcode_before_top_bar":"","ocean_shortcode_after_top_bar":"","ocean_shortcode_before_header":"","ocean_shortcode_after_header":"","ocean_has_shortcode":"","ocean_shortcode_after_title":"","ocean_shortcode_before_footer_widgets":"","ocean_shortcode_after_footer_widgets":"","ocean_shortcode_before_footer_bottom":"","ocean_shortcode_after_footer_bottom":"","ocean_display_top_bar":"default","ocean_display_header":"default","ocean_header_style":"","ocean_center_header_left_menu":"0","ocean_custom_header_template":"0","ocean_custom_logo":234,"ocean_custom_retina_logo":196,"ocean_custom_logo_max_width":0,"ocean_custom_logo_tablet_max_width":0,"ocean_custom_logo_mobile_max_width":0,"ocean_custom_logo_max_height":0,"ocean_custom_logo_tablet_max_height":0,"ocean_custom_logo_mobile_max_height":0,"ocean_header_custom_menu":"0","ocean_menu_typo_font_family":"0","ocean_menu_typo_font_subset":"","ocean_menu_typo_font_size":0,"ocean_menu_typo_font_size_tablet":0,"ocean_menu_typo_font_size_mobile":0,"ocean_menu_typo_font_size_unit":"px","ocean_menu_typo_font_weight":"","ocean_menu_typo_font_weight_tablet":"","ocean_menu_typo_font_weight_mobile":"","ocean_menu_typo_transform":"","ocean_menu_typo_transform_tablet":"","ocean_menu_typo_transform_mobile":"","ocean_menu_typo_line_height":0,"ocean_menu_typo_line_height_tablet":0,"ocean_menu_typo_line_height_mobile":0,"ocean_menu_typo_line_height_unit":"","ocean_menu_typo_spacing":0,"ocean_menu_typo_spacing_tablet":0,"ocean_menu_typo_spacing_mobile":0,"ocean_menu_typo_spacing_unit":"","ocean_menu_link_color":"","ocean_menu_link_color_hover":"","ocean_menu_link_color_active":"","ocean_menu_link_background":"","ocean_menu_link_hover_background":"","ocean_menu_link_active_background":"","ocean_menu_social_links_bg":"","ocean_menu_social_hover_links_bg":"","ocean_menu_social_links_color":"","ocean_menu_social_hover_links_color":"","ocean_disable_title":"default","ocean_disable_heading":"default","ocean_post_title":"Softwareentwicklung","ocean_post_subheading":"","ocean_post_title_style":"","ocean_post_title_background_color":"","ocean_post_title_background":0,"ocean_post_title_bg_image_position":"","ocean_post_title_bg_image_attachment":"","ocean_post_title_bg_image_repeat":"","ocean_post_title_bg_image_size":"","ocean_post_title_height":0,"ocean_post_title_bg_overlay":0.5,"ocean_post_title_bg_overlay_color":"","ocean_disable_breadcrumbs":"default","ocean_breadcrumbs_color":"","ocean_breadcrumbs_separator_color":"","ocean_breadcrumbs_links_color":"","ocean_breadcrumbs_links_hover_color":"","ocean_display_footer_widgets":"default","ocean_display_footer_bottom":"default","ocean_custom_footer_template":"0","footnotes":""},"class_list":["post-84","page","type-page","status-publish","hentry","entry"],"_links":{"self":[{"href":"https:\/\/dietsch-consulting.de\/index.php?rest_route=\/wp\/v2\/pages\/84","targetHints":{"allow":["GET"]}}],"collection":[{"href":"https:\/\/dietsch-consulting.de\/index.php?rest_route=\/wp\/v2\/pages"}],"about":[{"href":"https:\/\/dietsch-consulting.de\/index.php?rest_route=\/wp\/v2\/types\/page"}],"author":[{"embeddable":true,"href":"https:\/\/dietsch-consulting.de\/index.php?rest_route=\/wp\/v2\/users\/1"}],"replies":[{"embeddable":true,"href":"https:\/\/dietsch-consulting.de\/index.php?rest_route=%2Fwp%2Fv2%2Fcomments&post=84"}],"version-history":[{"count":13,"href":"https:\/\/dietsch-consulting.de\/index.php?rest_route=\/wp\/v2\/pages\/84\/revisions"}],"predecessor-version":[{"id":318,"href":"https:\/\/dietsch-consulting.de\/index.php?rest_route=\/wp\/v2\/pages\/84\/revisions\/318"}],"wp:attachment":[{"href":"https:\/\/dietsch-consulting.de\/index.php?rest_route=%2Fwp%2Fv2%2Fmedia&parent=84"}],"curies":[{"name":"wp","href":"https:\/\/api.w.org\/{rel}","templated":true}]}}