{"id":86,"date":"2021-04-11T21:05:39","date_gmt":"2021-04-11T20:05:39","guid":{"rendered":"https:\/\/dietsch.me\/dc_staging\/?page_id=86"},"modified":"2021-08-13T16:55:55","modified_gmt":"2021-08-13T15:55:55","slug":"requirements-engineering","status":"publish","type":"page","link":"https:\/\/dietsch-consulting.de\/?page_id=86","title":{"rendered":"Requirements Engineering"},"content":{"rendered":"\n<p>Kennen Sie das? Sie haben eine Vorstellung f\u00fcr ein neues Projekt und m\u00f6chten direkt loslegen? Meist stellt sich jetzt die Frage, wie kommuniziere ich meine Vorstellungen und W\u00fcnsche an das Entwicklungsteam oder einen entsprechenden Dienstleister. <\/p>\n\n\n\n<p>H\u00e4ufig kommt es hier zu Missverst\u00e4ndnissen und zu Problemen, welche ein Projekt in Laufzeit und Budget gef\u00e4hrden. Warum ist das so? Es ist ein Kommunikationsproblem. Insbesondere, wenn verschiedene Disziplinen aufeinander treffen, sprechen diese in unterschiedlichen Fachjargons und haben jeweils eine eigene Sicht auf das Problem.<\/p>\n\n\n\n<blockquote class=\"wp-block-quote is-layout-flow wp-block-quote-is-layout-flow\"><p>Ein Unternehmen beauftragt eine neue Software zur Textverarbeitung. Nach \u00dcbergabe wird festgestellt, dass sich Textfragmente nicht kopieren und an anderer Stelle wieder einf\u00fcgen lassen und reklamiert dies. Der Auftragnehmer lehnt es ab, diesen &#8222;Mangel&#8220; zu korrigieren, da ein solches &#8222;Feature&#8220; nicht im bestellten und vom Auftraggeber spezifizierten Funktionsumfang enthalten ist. <\/p><p>Folge: Der Auftraggeber ist ver\u00e4rgert, weil er nicht erhielt, was er erwartet hat und extra bezahlen soll. Der Auftragnehmer ist ver\u00e4rgert, weil seine Leistung nicht &#8222;gew\u00fcrdigt&#8220; wird und die Benutzer sind ver\u00e4rgert, weil die neue Software so ihre t\u00e4gliche Arbeit erschwert.<\/p><cite>Beispiel, in abgewandelter Form selbst erlebt<\/cite><\/blockquote>\n\n\n\n<p>Hier setzt das Anforderungsmanagement bzw. das Requirements Engineering an. Ich unterst\u00fctze Sie bei der strukturierten Aufnahme und Dokumentation der Anforderungen und begleite Sie w\u00e4hrend des Projekts bis zur finalen Abnahme.<\/p>\n\n\n\n<p>M\u00f6chten Sie mehr erfahren? Sprechen Sie mich gerne an <a href=\"https:\/\/dietsch-consulting.de\/?page_id=262\" data-type=\"page\" data-id=\"262\"><img decoding=\"async\" class=\"wp-image-274\" style=\"height:1.2em; width=1.2em\" src=\"https:\/\/dietsch-consulting.de\/wp-content\/uploads\/2021\/04\/envelope.png\" alt=\"\"><\/a>!<\/p>\n","protected":false},"excerpt":{"rendered":"<p>Kennen Sie das? Sie haben eine Vorstellung f\u00fcr ein neues Projekt und m\u00f6chten direkt loslegen? Meist stellt sich jetzt die Frage, wie kommuniziere ich meine Vorstellungen und W\u00fcnsche an das Entwicklungsteam oder einen entsprechenden Dienstleister. H\u00e4ufig kommt es hier zu Missverst\u00e4ndnissen und zu Problemen, welche ein Projekt in Laufzeit und Budget gef\u00e4hrden. Warum ist das [&hellip;]<\/p>\n","protected":false},"author":1,"featured_media":0,"parent":0,"menu_order":0,"comment_status":"closed","ping_status":"closed","template":"","meta":{"ocean_post_layout":"","ocean_both_sidebars_style":"","ocean_both_sidebars_content_width":0,"ocean_both_sidebars_sidebars_width":0,"ocean_sidebar":"0","ocean_second_sidebar":"0","ocean_disable_margins":"enable","ocean_add_body_class":"","ocean_shortcode_before_top_bar":"","ocean_shortcode_after_top_bar":"","ocean_shortcode_before_header":"","ocean_shortcode_after_header":"","ocean_has_shortcode":"","ocean_shortcode_after_title":"","ocean_shortcode_before_footer_widgets":"","ocean_shortcode_after_footer_widgets":"","ocean_shortcode_before_footer_bottom":"","ocean_shortcode_after_footer_bottom":"","ocean_display_top_bar":"default","ocean_display_header":"default","ocean_header_style":"","ocean_center_header_left_menu":"0","ocean_custom_header_template":"0","ocean_custom_logo":233,"ocean_custom_retina_logo":194,"ocean_custom_logo_max_width":0,"ocean_custom_logo_tablet_max_width":0,"ocean_custom_logo_mobile_max_width":0,"ocean_custom_logo_max_height":0,"ocean_custom_logo_tablet_max_height":0,"ocean_custom_logo_mobile_max_height":0,"ocean_header_custom_menu":"0","ocean_menu_typo_font_family":"0","ocean_menu_typo_font_subset":"","ocean_menu_typo_font_size":0,"ocean_menu_typo_font_size_tablet":0,"ocean_menu_typo_font_size_mobile":0,"ocean_menu_typo_font_size_unit":"px","ocean_menu_typo_font_weight":"","ocean_menu_typo_font_weight_tablet":"","ocean_menu_typo_font_weight_mobile":"","ocean_menu_typo_transform":"","ocean_menu_typo_transform_tablet":"","ocean_menu_typo_transform_mobile":"","ocean_menu_typo_line_height":0,"ocean_menu_typo_line_height_tablet":0,"ocean_menu_typo_line_height_mobile":0,"ocean_menu_typo_line_height_unit":"","ocean_menu_typo_spacing":0,"ocean_menu_typo_spacing_tablet":0,"ocean_menu_typo_spacing_mobile":0,"ocean_menu_typo_spacing_unit":"","ocean_menu_link_color":"","ocean_menu_link_color_hover":"","ocean_menu_link_color_active":"","ocean_menu_link_background":"","ocean_menu_link_hover_background":"","ocean_menu_link_active_background":"","ocean_menu_social_links_bg":"","ocean_menu_social_hover_links_bg":"","ocean_menu_social_links_color":"","ocean_menu_social_hover_links_color":"","ocean_disable_title":"default","ocean_disable_heading":"default","ocean_post_title":"","ocean_post_subheading":"","ocean_post_title_style":"","ocean_post_title_background_color":"","ocean_post_title_background":0,"ocean_post_title_bg_image_position":"","ocean_post_title_bg_image_attachment":"","ocean_post_title_bg_image_repeat":"","ocean_post_title_bg_image_size":"","ocean_post_title_height":0,"ocean_post_title_bg_overlay":0.5,"ocean_post_title_bg_overlay_color":"","ocean_disable_breadcrumbs":"default","ocean_breadcrumbs_color":"","ocean_breadcrumbs_separator_color":"","ocean_breadcrumbs_links_color":"","ocean_breadcrumbs_links_hover_color":"","ocean_display_footer_widgets":"default","ocean_display_footer_bottom":"default","ocean_custom_footer_template":"0","footnotes":""},"class_list":["post-86","page","type-page","status-publish","hentry","entry"],"_links":{"self":[{"href":"https:\/\/dietsch-consulting.de\/index.php?rest_route=\/wp\/v2\/pages\/86","targetHints":{"allow":["GET"]}}],"collection":[{"href":"https:\/\/dietsch-consulting.de\/index.php?rest_route=\/wp\/v2\/pages"}],"about":[{"href":"https:\/\/dietsch-consulting.de\/index.php?rest_route=\/wp\/v2\/types\/page"}],"author":[{"embeddable":true,"href":"https:\/\/dietsch-consulting.de\/index.php?rest_route=\/wp\/v2\/users\/1"}],"replies":[{"embeddable":true,"href":"https:\/\/dietsch-consulting.de\/index.php?rest_route=%2Fwp%2Fv2%2Fcomments&post=86"}],"version-history":[{"count":10,"href":"https:\/\/dietsch-consulting.de\/index.php?rest_route=\/wp\/v2\/pages\/86\/revisions"}],"predecessor-version":[{"id":328,"href":"https:\/\/dietsch-consulting.de\/index.php?rest_route=\/wp\/v2\/pages\/86\/revisions\/328"}],"wp:attachment":[{"href":"https:\/\/dietsch-consulting.de\/index.php?rest_route=%2Fwp%2Fv2%2Fmedia&parent=86"}],"curies":[{"name":"wp","href":"https:\/\/api.w.org\/{rel}","templated":true}]}}